{"id":27,"date":"2019-08-30T00:11:39","date_gmt":"2019-08-29T21:11:39","guid":{"rendered":"http:\/\/regbar.com\/es\/?page_id=27"},"modified":"2020-07-29T22:05:43","modified_gmt":"2020-07-29T19:05:43","slug":"acerca-de","status":"publish","type":"page","link":"https:\/\/regbar.com\/es\/?page_id=27","title":{"rendered":"ACERCA DE"},"content":{"rendered":"<p class=\"p1\"><span class=\"s1\">Como familia REGNUM, tenemos un conocimiento de alto nivel y experiencia a nivel internacional en<span class=\"Apple-converted-space\">\u00a0 <\/span>campos de ingenier\u00eda y aplicaci\u00f3n desde 2010. Especialmente en muchas \u00e1reas en desarrollo de tecnolog\u00eda de construcci\u00f3n y fabricaci\u00f3n de Acopladores para barras de refuerzo, Anclaje, Pernos de roca, Equipos de t\u00faneles y suelo, Sistema postensados y pretensados, Refuerzos de fibra, Acero y Jaula, Construcci\u00f3n en acero y revestimiento, hemos logrado importantes proyectos en el \u00e1mbito nacional e internacional con la aplicaci\u00f3n en el sitio.<\/span><\/p>\n<p class=\"p1\"><span class=\"s1\">Como familia REGNUM, con objetivo de difundir la calidad del servicio en todo el mundo,<span class=\"Apple-converted-space\">\u00a0 <\/span>tenemos la oportunidad de trabajar en muchos pa\u00edses como Catar, Rusia, Libia, Emiratos \u00c1rabes Unidos, Macedonia, Turkmenist\u00e1n, Georgia, Arabia Saudita e Irak. Regbar tiene como objetivo convertirse en un importante valor de marca que se extiende desde Turqu\u00eda al mundo con sus empleados din\u00e1micos, maquinaria continuamente renovada y creciente en paralelo con los avances tecnol\u00f3gicos bajo la administraci\u00f3n de los nombres con experiencia en el sector. Como REGNUM, la calidad y la identidad corporativa son los asuntos que nos interesan y tenemos muchas patentes y certificados nacionales e internacionales en el campo relacionado. En particular, puede seguir nuestros estudios de detalle de anclaje en www.ankraj.com.tr.<\/span><\/p>\n<p><img loading=\"lazy\" decoding=\"async\" class=\"alignnone wp-image-444 float-left img-fluid colorbox-27\" src=\"https:\/\/regbar.com\/es\/wp-content\/uploads\/2020\/07\/about-1.jpg\" alt=\"\" width=\"608\" height=\"276\" \/><\/p>\n<p class=\"p1\"><strong><span class=\"s1\">NUESTRA VISI\u00d3N<br \/>\n<\/span><\/strong><b><\/b><span class=\"s1\">La integraci\u00f3n de valores sostenibles en cada vida que tocamos con nuestro enfoque empresarial conformado por el esp\u00edritu empresarial, la innovaci\u00f3n y la fiabilidad. <\/span><\/p>\n<p class=\"p1\"><strong><span class=\"s1\">NUESTRA MISI\u00d3N<br \/>\n<\/span><\/strong><span class=\"s1\">Estar entre los grupos m\u00e1s exitosos a nivel internacional, creando valor para la humanidad y la econom\u00eda, respetando el medio ambiente y a los competidores, teniendo esp\u00edritu emprendedor y l\u00edder. Contribuir al enriquecimiento de nuestro pa\u00eds y de las zonas donde operamos mientras actuamos con este prop\u00f3sito.<\/span><\/p>\n","protected":false},"excerpt":{"rendered":"Como familia REGNUM, tenemos un conocimiento de alto nivel y experiencia a nivel internacional en\u00a0 campos de ingenier\u00eda y aplicaci\u00f3n [&hellip;]","protected":false},"author":1,"featured_media":437,"parent":0,"menu_order":2,"comment_status":"closed","ping_status":"closed","template":"","meta":{"footnotes":""},"class_list":["post-27","page","type-page","status-publish","has-post-thumbnail","hentry"],"aioseo_notices":[],"_links":{"self":[{"href":"https:\/\/regbar.com\/es\/index.php?rest_route=\/wp\/v2\/pages\/27","targetHints":{"allow":["GET"]}}],"collection":[{"href":"https:\/\/regbar.com\/es\/index.php?rest_route=\/wp\/v2\/pages"}],"about":[{"href":"https:\/\/regbar.com\/es\/index.php?rest_route=\/wp\/v2\/types\/page"}],"author":[{"embeddable":true,"href":"https:\/\/regbar.com\/es\/index.php?rest_route=\/wp\/v2\/users\/1"}],"replies":[{"embeddable":true,"href":"https:\/\/regbar.com\/es\/index.php?rest_route=%2Fwp%2Fv2%2Fcomments&post=27"}],"version-history":[{"count":11,"href":"https:\/\/regbar.com\/es\/index.php?rest_route=\/wp\/v2\/pages\/27\/revisions"}],"predecessor-version":[{"id":1580,"href":"https:\/\/regbar.com\/es\/index.php?rest_route=\/wp\/v2\/pages\/27\/revisions\/1580"}],"wp:featuredmedia":[{"embeddable":true,"href":"https:\/\/regbar.com\/es\/index.php?rest_route=\/wp\/v2\/media\/437"}],"wp:attachment":[{"href":"https:\/\/regbar.com\/es\/index.php?rest_route=%2Fwp%2Fv2%2Fmedia&parent=27"}],"curies":[{"name":"wp","href":"https:\/\/api.w.org\/{rel}","templated":true}]}}