{"id":27,"date":"2019-08-30T00:11:39","date_gmt":"2019-08-29T21:11:39","guid":{"rendered":"https:\/\/regbar.com\/pt\/?page_id=27"},"modified":"2025-01-28T00:29:52","modified_gmt":"2025-01-27T21:29:52","slug":"sobre-nos","status":"publish","type":"page","link":"https:\/\/regbar.com\/pt\/sobre-nos\/","title":{"rendered":"Sobre N\u00f3s"},"content":{"rendered":"<p>Como fam\u00edlia REGBAR, possu\u00edmos vasto conhecimento e experi\u00eancia internacional nos campos da engenharia e aplica\u00e7\u00f5es desde 2010. Realizamos importantes projetos dom\u00e9sticos e\u00a0 internacionais, incluindo aplica\u00e7\u00f5es no local em muitos campos em desenvolvimento, no que diz respeito \u00e0 fabrica\u00e7\u00e3o de Acopladores de Armaduras, Ancoragem, Barras de Ancoragem, Equipamentos para T\u00faneis e Solos, Sistemas de Pr\u00e9 e P\u00f3sTensionamento, Refor\u00e7os de Fibra, A\u00e7o e Caixas, Escoramento e Constru\u00e7\u00f5es de A\u00e7o.<\/p>\n<p>Como fam\u00edlia REGBAR, visando expandir sua qualidade de servi\u00e7o por todo o mundo, tivemos a oportunidade de trabalhar em muitos pa\u00edses, como Catar, R\u00fassia, L\u00edbia, Emirados \u00c1rabes Unidos, Maced\u00f4nia, Turcomenist\u00e3o, Ge\u00f3rgia, Ar\u00e1bia Saudita e Iraque. Sob a administra\u00e7\u00e3o de executivos experientes no setor, a Regbar visa ser um importante valor de marca, expandindo-se da Turquia para o mundo, com seus funcion\u00e1rios din\u00e2micos e um parque de m\u00e1quinas em constante desenvolvimento e crescimento, em paralelo com os avan\u00e7os tecnol\u00f3gicos. Como Regbar, damos grande import\u00e2ncia \u00e0 qualidade e identidade corporativa, e possu\u00edmos numerosas patentes e certificados nacionais e internacionais em nossa \u00e1rea. Voc\u00ea pode acompanhar nossos trabalhos de ancoragem em particular no endere\u00e7o www.ankraj.com.tr.<\/p>\n<p><img decoding=\"async\" class=\"float-left img-fluid alignnone wp-image-1486  colorbox-27\" src=\"https:\/\/regbar.com\/pt\/wp-content\/uploads\/2019\/12\/about.jpg\" alt=\"\" width=\"537\" height=\"244\" srcset=\"https:\/\/regbar.com\/pt\/wp-content\/uploads\/2019\/12\/about.jpg 768w, https:\/\/regbar.com\/pt\/wp-content\/uploads\/2019\/12\/about-300x136.jpg 300w, https:\/\/regbar.com\/pt\/wp-content\/uploads\/2019\/12\/about-765x349.jpg 765w\" sizes=\"(max-width: 537px) 100vw, 537px\" loading=\"lazy\" \/><\/p>\n<p><strong>NOSSA VIS\u00c3O<\/strong><br \/>\nAdicionar valores sustent\u00e1veis a cada vida que tocamos em todas as \u00e1reas nas quais nos concentramos com nossa mentalidade empresarial, a qual moldamos com empreendedorismo, inova\u00e7\u00e3o e confiabilidade<\/p>\n<p><strong>NOSSA MISS\u00c3O<\/strong><br \/>\nCriar valor para a humanidade e a economia, respeitando o meio ambiente e nossos concorrentes, tendo um esp\u00edrito empreendedor e l\u00edder e fazendo parte dos grupos mais bem-sucedidos em n\u00edvel internacional. Para isso, contribuir para o enriquecimento de nosso pa\u00eds e das geografias nas quais realizamos neg\u00f3cios.<\/p>\n","protected":false},"excerpt":{"rendered":"Como fam\u00edlia REGBAR, possu\u00edmos vasto conhecimento e experi\u00eancia internacional nos campos da engenharia e aplica\u00e7\u00f5es desde 2010. Realizamos importantes projetos [&hellip;]","protected":false},"author":1,"featured_media":437,"parent":0,"menu_order":4,"comment_status":"closed","ping_status":"closed","template":"","meta":{"footnotes":""},"class_list":["post-27","page","type-page","status-publish","has-post-thumbnail","hentry"],"aioseo_notices":[],"_links":{"self":[{"href":"https:\/\/regbar.com\/pt\/wp-json\/wp\/v2\/pages\/27","targetHints":{"allow":["GET"]}}],"collection":[{"href":"https:\/\/regbar.com\/pt\/wp-json\/wp\/v2\/pages"}],"about":[{"href":"https:\/\/regbar.com\/pt\/wp-json\/wp\/v2\/types\/page"}],"author":[{"embeddable":true,"href":"https:\/\/regbar.com\/pt\/wp-json\/wp\/v2\/users\/1"}],"replies":[{"embeddable":true,"href":"https:\/\/regbar.com\/pt\/wp-json\/wp\/v2\/comments?post=27"}],"version-history":[{"count":9,"href":"https:\/\/regbar.com\/pt\/wp-json\/wp\/v2\/pages\/27\/revisions"}],"predecessor-version":[{"id":1835,"href":"https:\/\/regbar.com\/pt\/wp-json\/wp\/v2\/pages\/27\/revisions\/1835"}],"wp:featuredmedia":[{"embeddable":true,"href":"https:\/\/regbar.com\/pt\/wp-json\/wp\/v2\/media\/437"}],"wp:attachment":[{"href":"https:\/\/regbar.com\/pt\/wp-json\/wp\/v2\/media?parent=27"}],"curies":[{"name":"wp","href":"https:\/\/api.w.org\/{rel}","templated":true}]}}