{"id":29,"date":"2019-08-30T00:11:59","date_gmt":"2019-08-29T21:11:59","guid":{"rendered":"https:\/\/regbar.com\/pt\/?page_id=29"},"modified":"2025-01-28T00:22:15","modified_gmt":"2025-01-27T21:22:15","slug":"qualidade","status":"publish","type":"page","link":"https:\/\/regbar.com\/pt\/qualidade\/","title":{"rendered":"Qualidade"},"content":{"rendered":"<p class=\"p1\">Todos os equipamentos da Regbar s\u00e3o projetados e fabricados para serem instalados e operarem em f\u00e1brica e campo. As m\u00e1quinas possuem certificados CE e relacionados, e s\u00e3o utilizadas por t\u00e9cnicos especializados na presta\u00e7\u00e3o de servi\u00e7os de alta qualidade. Se necess\u00e1rio, a instala\u00e7\u00e3o r\u00e1pida no campo \u00e9 realizada e s\u00e3o fornecidos servi\u00e7os de ancoragem e acoplamento no local.<br \/>\nOs Acopladores Regbar est\u00e3o em conformidade com os padr\u00f5es ASTM A706, ASTM A615, ASTM A996, TS708, BS8110, BS4449, ISO 15835 S2, ACI 318, BS8110, ISO 15835 S-1 \/ S-2, TS500. Todos os produtos Regbar foram testados e aprovados por laborat\u00f3rios independentes.<\/p>\n<p class=\"p1\">C\u00f3digos de rastreamento s\u00e3o impressos em todos os nossos produtos no \u00e2mbito do Programa de Garantia de Qualidade REGBAR\u00ae. Esses c\u00f3digos nospermitem rastrear os produtos at\u00e9 o lote original de a\u00e7o e seus fabricantes. Relat\u00f3rios de teste de material certificado s\u00e3o arquivados para uso futuroquando necess\u00e1rio.<\/p>\n<p class=\"p1\">Nossos produtos proporcionam quebra da armadura (barra) sob testes de tra\u00e7\u00e3o.<\/p>\n<p class=\"p1\">Os Acopladores Mec\u00e2nicos REGBAR\u00ae s\u00e3o projetados de forma que, quando usados com vergalh\u00f5es de Grau 60, podem exceder 125% do limite de<br \/>\nresist\u00eancia \u00e0 tra\u00e7\u00e3o especificado nos EUA.<\/p>\n<p class=\"p1\">Desempenho de quebra da barra para todas as barras padr\u00e3o (Q12 &#8211; Q56).<\/p>\n<p class=\"p1\">Os Conectores Mec\u00e2nicos REGBAR\u00ae s\u00e3o projetados para conformidade com o seguinte:<\/p>\n<p class=\"p1\">ACI 318, IBC 2006, BS 8110, Eurocode 2, DIN 1045, TS 500.<\/p>\n<p class=\"p1\">Nossos produtos foram testados por laborat\u00f3rios independentes para atender aos padr\u00f5es internacionais especificados. Uma detalhada descri\u00e7\u00e3o dosresultados dos testes pode ser baixada em nosso site<\/p>\n\n\t\t<style type=\"text\/css\">\n\t\t\t#gallery-1 {\n\t\t\t\tmargin: auto;\n\t\t\t}\n\t\t\t#gallery-1 .gallery-item {\n\t\t\t\tfloat: left;\n\t\t\t\tmargin-top: 10px;\n\t\t\t\ttext-align: center;\n\t\t\t\twidth: 25%;\n\t\t\t}\n\t\t\t#gallery-1 img {\n\t\t\t\tborder: 2px solid #cfcfcf;\n\t\t\t}\n\t\t\t#gallery-1 .gallery-caption {\n\t\t\t\tmargin-left: 0;\n\t\t\t}\n\t\t\t\/* see gallery_shortcode() in wp-includes\/media.php *\/\n\t\t<\/style>\n\t\t<div id='gallery-1' class='gallery galleryid-29 gallery-columns-4 gallery-size-thumbnail'><dl class='gallery-item'>\n\t\t\t<dt class='gallery-icon landscape'>\n\t\t\t\t<a href='https:\/\/regbar.com\/pt\/wp-content\/uploads\/2019\/08\/test-sonucu.jpg'><img decoding=\"async\" width=\"150\" height=\"150\" src=\"https:\/\/regbar.com\/pt\/wp-content\/uploads\/2019\/08\/test-sonucu-150x150.jpg\" class=\"attachment-thumbnail size-thumbnail colorbox-29 \" alt=\"\" srcset=\"https:\/\/regbar.com\/pt\/wp-content\/uploads\/2019\/08\/test-sonucu-150x150.jpg 150w, https:\/\/regbar.com\/pt\/wp-content\/uploads\/2019\/08\/test-sonucu-350x350.jpg 350w\" sizes=\"(max-width: 150px) 100vw, 150px\" loading=\"lazy\" \/><\/a>\n\t\t\t<\/dt><\/dl><dl class='gallery-item'>\n\t\t\t<dt class='gallery-icon portrait'>\n\t\t\t\t<a href='https:\/\/regbar.com\/pt\/wp-content\/uploads\/2019\/08\/ae5e1994-7741-4dc6-af00-4e2a24b485bc.jpg'><img decoding=\"async\" width=\"150\" height=\"150\" src=\"https:\/\/regbar.com\/pt\/wp-content\/uploads\/2019\/08\/ae5e1994-7741-4dc6-af00-4e2a24b485bc-150x150.jpg\" class=\"attachment-thumbnail size-thumbnail colorbox-29 \" alt=\"\" srcset=\"https:\/\/regbar.com\/pt\/wp-content\/uploads\/2019\/08\/ae5e1994-7741-4dc6-af00-4e2a24b485bc-150x150.jpg 150w, https:\/\/regbar.com\/pt\/wp-content\/uploads\/2019\/08\/ae5e1994-7741-4dc6-af00-4e2a24b485bc-350x350.jpg 350w\" sizes=\"(max-width: 150px) 100vw, 150px\" loading=\"lazy\" \/><\/a>\n\t\t\t<\/dt><\/dl><dl class='gallery-item'>\n\t\t\t<dt class='gallery-icon portrait'>\n\t\t\t\t<a href='https:\/\/regbar.com\/pt\/wp-content\/uploads\/2019\/08\/0b17175d-0228-40ab-b060-cc3ae870666d.jpg'><img decoding=\"async\" width=\"150\" height=\"150\" src=\"https:\/\/regbar.com\/pt\/wp-content\/uploads\/2019\/08\/0b17175d-0228-40ab-b060-cc3ae870666d-150x150.jpg\" class=\"attachment-thumbnail size-thumbnail colorbox-29 \" alt=\"\" srcset=\"https:\/\/regbar.com\/pt\/wp-content\/uploads\/2019\/08\/0b17175d-0228-40ab-b060-cc3ae870666d-150x150.jpg 150w, https:\/\/regbar.com\/pt\/wp-content\/uploads\/2019\/08\/0b17175d-0228-40ab-b060-cc3ae870666d-350x350.jpg 350w\" sizes=\"(max-width: 150px) 100vw, 150px\" loading=\"lazy\" \/><\/a>\n\t\t\t<\/dt><\/dl>\n\t\t\t<br style='clear: both' \/>\n\t\t<\/div>\n\n","protected":false},"excerpt":{"rendered":"Todos os equipamentos da Regbar s\u00e3o projetados e fabricados para serem instalados e operarem em f\u00e1brica e campo. As m\u00e1quinas [&hellip;]","protected":false},"author":1,"featured_media":0,"parent":0,"menu_order":8,"comment_status":"closed","ping_status":"closed","template":"","meta":{"footnotes":""},"class_list":["post-29","page","type-page","status-publish","hentry"],"aioseo_notices":[],"_links":{"self":[{"href":"https:\/\/regbar.com\/pt\/wp-json\/wp\/v2\/pages\/29","targetHints":{"allow":["GET"]}}],"collection":[{"href":"https:\/\/regbar.com\/pt\/wp-json\/wp\/v2\/pages"}],"about":[{"href":"https:\/\/regbar.com\/pt\/wp-json\/wp\/v2\/types\/page"}],"author":[{"embeddable":true,"href":"https:\/\/regbar.com\/pt\/wp-json\/wp\/v2\/users\/1"}],"replies":[{"embeddable":true,"href":"https:\/\/regbar.com\/pt\/wp-json\/wp\/v2\/comments?post=29"}],"version-history":[{"count":8,"href":"https:\/\/regbar.com\/pt\/wp-json\/wp\/v2\/pages\/29\/revisions"}],"predecessor-version":[{"id":447,"href":"https:\/\/regbar.com\/pt\/wp-json\/wp\/v2\/pages\/29\/revisions\/447"}],"wp:attachment":[{"href":"https:\/\/regbar.com\/pt\/wp-json\/wp\/v2\/media?parent=29"}],"curies":[{"name":"wp","href":"https:\/\/api.w.org\/{rel}","templated":true}]}}