{"id":31,"date":"2019-08-31T11:21:11","date_gmt":"2019-08-31T08:21:11","guid":{"rendered":"https:\/\/regbar.com\/pt\/?page_id=31"},"modified":"2025-01-28T00:25:06","modified_gmt":"2025-01-27T21:25:06","slug":"vantagens","status":"publish","type":"page","link":"https:\/\/regbar.com\/pt\/vantagens\/","title":{"rendered":"Vantagens"},"content":{"rendered":"<p class=\"p1\"><strong>POR QUE A Luva DE ARMADURA?<\/strong><\/p>\n<p><a class=\"btn btn-info\" style=\"border-radius: 0px;\" href=\"https:\/\/regbar.com\/pt\/?page_id=505\">CUSTOM REBAR CALCULATE<\/a><\/p>\n<p class=\"p3\">M\u00e9todos convencionais de conex\u00e3o de armaduras, como sobreposi\u00e7\u00e3o e soldagem, n\u00e3o atendem mais \u00e0 necessidade de superar as dificuldades t\u00e9cnicas cada vez maiores na ind\u00fastria da constru\u00e7\u00e3o. Apesar disso, os Sistemas de Jun\u00e7\u00e3o Acoplada, um produto da tecnologia moderna, reduzem os custos e proporcionam uma integridade estrutural mais bem-sucedida. Os Acopladores de Armadura de baixo custo acelerar\u00e3o seu projeto e trar\u00e3o compet\u00eancia. Os Acopladores Mec\u00e2nicos de Armadura da Regbar oferecem solu\u00e7\u00f5es para pacotes de refor\u00e7o de constru\u00e7\u00e3o, como sobreposi\u00e7\u00e3o e soldagem.<\/p>\n<p class=\"p3\">Nossa estrat\u00e9gia \u00e9 oferecer inser\u00e7\u00f5es de vergalh\u00f5es mais acess\u00edveis e extremamente seguras em compara\u00e7\u00e3o com as op\u00e7\u00f5es de sobreposi\u00e7\u00e3o e soldagem. Os Acopladores Mec\u00e2nicos Regbar e os<br \/>\nequipamentos s\u00e3o econ\u00f4micos, seguros, amig\u00e1veis ao designer e f\u00e1ceis de implementar. Em resumo, a Regbar oferece benef\u00edcios incompar\u00e1veis e lucros maiores aos seus clientes!<\/p>\n<p><img decoding=\"async\" class=\"alignnone wp-image-498  colorbox-31\" src=\"https:\/\/regbar.com\/pt\/wp-content\/uploads\/2019\/08\/4cc8d7fd-114b-4624-9b19-dabb7fb8f857-1024x492.jpg\" alt=\"\" width=\"739\" height=\"355\" srcset=\"https:\/\/regbar.com\/pt\/wp-content\/uploads\/2019\/08\/4cc8d7fd-114b-4624-9b19-dabb7fb8f857-1024x492.jpg 1024w, https:\/\/regbar.com\/pt\/wp-content\/uploads\/2019\/08\/4cc8d7fd-114b-4624-9b19-dabb7fb8f857-300x144.jpg 300w, https:\/\/regbar.com\/pt\/wp-content\/uploads\/2019\/08\/4cc8d7fd-114b-4624-9b19-dabb7fb8f857-768x369.jpg 768w, https:\/\/regbar.com\/pt\/wp-content\/uploads\/2019\/08\/4cc8d7fd-114b-4624-9b19-dabb7fb8f857.jpg 1280w\" sizes=\"(max-width: 739px) 100vw, 739px\" loading=\"lazy\" \/><\/p>\n<p class=\"p3\">POR QUE A Luva DE ARMADURA?<br \/>\nM\u00e9todos convencionais de conex\u00e3o de armaduras, como sobreposi\u00e7\u00e3o e soldagem, n\u00e3o atendem mais \u00e0 necessidade de superar as dificuldades t\u00e9cnicas cada vez maiores na ind\u00fastria da\u00a0 onstru\u00e7\u00e3o.<br \/>\nApesar disso, os Sistemas de Jun\u00e7\u00e3o Acoplada, um produto da tecnologia moderna, reduzem os custos e proporcionam uma integridade estrutural mais bem-sucedida. Os Acopladores de Armadura de baixo custo acelerar\u00e3o seu projeto e trar\u00e3o compet\u00eancia. Os Acopladores Mec\u00e2nicos de Armadura da Regbar oferecem solu\u00e7\u00f5es para pacotes de refor\u00e7o de constru\u00e7\u00e3o, como sobreposi\u00e7\u00e3o e soldagem.<\/p>\n<p class=\"p3\">Nossa estrat\u00e9gia \u00e9 oferecer inser\u00e7\u00f5es de vergalh\u00f5es mais acess\u00edveis e extremamente seguras em compara\u00e7\u00e3o com as op\u00e7\u00f5es de sobreposi\u00e7\u00e3o e soldagem. Os Acopladores Mec\u00e2nicos Regbar e os equipamentos s\u00e3o econ\u00f4micos, seguros, amig\u00e1veis ao designer e f\u00e1ceis de implementar. Em resumo, a Regbar oferece benef\u00edcios incompar\u00e1veis e lucros maiores aos seus clientes!<\/p>\n<p><img decoding=\"async\" class=\"alignnone wp-image-499  colorbox-31\" src=\"https:\/\/regbar.com\/pt\/wp-content\/uploads\/2019\/08\/853d9544-b1e3-47f4-8957-ad4156c7cd8d-1-1024x492.jpg\" alt=\"\" width=\"720\" height=\"346\" srcset=\"https:\/\/regbar.com\/pt\/wp-content\/uploads\/2019\/08\/853d9544-b1e3-47f4-8957-ad4156c7cd8d-1-1024x492.jpg 1024w, https:\/\/regbar.com\/pt\/wp-content\/uploads\/2019\/08\/853d9544-b1e3-47f4-8957-ad4156c7cd8d-1-300x144.jpg 300w, https:\/\/regbar.com\/pt\/wp-content\/uploads\/2019\/08\/853d9544-b1e3-47f4-8957-ad4156c7cd8d-1-768x369.jpg 768w, https:\/\/regbar.com\/pt\/wp-content\/uploads\/2019\/08\/853d9544-b1e3-47f4-8957-ad4156c7cd8d-1.jpg 1280w\" sizes=\"(max-width: 720px) 100vw, 720px\" loading=\"lazy\" \/><\/p>\n<p class=\"p3\">*Reduz os custos de transporte, estoque e guindaste.<br \/>\n\u2022 Uma vez que a conclus\u00e3o antecipada da constru\u00e7\u00e3o bruta encurtar\u00e1 o tempo de constru\u00e7\u00e3o, colocar a estrutura em servi\u00e7o mais cedo proporciona vantagem econ\u00f4mica. Uma vez que o trabalho de refor\u00e7o, o n\u00famero de ferreiros e a densidade de guindastes s\u00e3o reduzidos, o ambiente de trabalho ser\u00e1 mais calmo, seguro e controlado.<\/p>\n<p class=\"p3\">\u2022 O Acoplador Mec\u00e2nico garante a transfer\u00eancia da carga sobre o refor\u00e7o no mesmo eixo, independentemente das condi\u00e7\u00f5es do concreto e do ambiente. Em aplica\u00e7\u00f5es s\u00edsmicas, os acopladores mec\u00e2nicos garantem toda a continuidade do refor\u00e7o quando o refor\u00e7o passa para um estado n\u00e3o el\u00e1stico.<\/p>\n<p class=\"p3\">\u2022 A zona de encaixe pl\u00e1stico frequentemente n\u00e3o atende aos requisitos para os padr\u00f5es de inser\u00e7\u00e3o. Uma vez que os fixadores mec\u00e2nicos podem ser facilmente movidos para fora de suas zonas de alta tens\u00e3o, garantem a integridade do refor\u00e7o sem inser\u00e7\u00f5es nessas zonas.<\/p>\n<p class=\"p3\">\u2022 Em regi\u00f5es onde o clima \u00e9 frio e causa a forma\u00e7\u00e3o de rachaduras no concreto, nas margens e onde a se\u00e7\u00e3o transversal do concreto recebe um golpe, o concreto que cobre a inser\u00e7\u00e3o de sobreposi\u00e7\u00e3o n\u00e3o funciona. Assim, o comprimento de intertravamento do refor\u00e7o se torna disfuncional e o refor\u00e7o n\u00e3o funciona. Os acopladores mec\u00e2nicos garantem a continuidade dos<br \/>\nrefor\u00e7os independentemente dessa situa\u00e7\u00e3o.<\/p>\n<p class=\"p3\">\u2022 Devido ao aumento das complexidades de constru\u00e7\u00e3o e requisitos de design nos \u00faltimos anos, a necessidade de um sistema de jun\u00e7\u00e3o (acoplamento) mais eficiente \u00e9 mais evidente. O uso de acopladores de refor\u00e7o de concreto armado pode simplificar o design e a produ\u00e7\u00e3o de concreto armado e reduzir a quantidade de refor\u00e7o necess\u00e1ria. Vantagens dos acopladores refor\u00e7ados sobre conex\u00f5es embutidas:<\/p>\n<p class=\"p3\">\u2022 O bloqueio das barras de refor\u00e7o com inser\u00e7\u00f5es refor\u00e7adas afeta a integridade da estrutura. Isso pode ser evitado usando Acopladores Regbar de alta resist\u00eancia.<\/p>\n<p class=\"p3\">\u2022 O tamanho das zonas com \u00e1reas de concreto e piso diminu\u00eddas \u00e9 maximizado e, assim, o valor do edif\u00edcio aumenta especialmente nas principais \u00e1reas de progresso.<\/p>\n<p class=\"p3\">\u2022 Suportar totalmente as cargas articuladas do joelho depende inteiramente da ader\u00eancia do concreto circundante. A deteriora\u00e7\u00e3o do concreto pode afetar o desempenho da junta.<\/p>\n<p class=\"p3\">\u2022 As barras podem ser acopladas com Acopladores Regbar usando um acoplador e isso pode evitar que o molde seja danificado.<\/p>\n<p class=\"p3\">\u2022 Proporciona economia de material e custo porque menos a\u00e7o \u00e9 usado.<\/p>\n<p class=\"p3\">\u2022 Cria um edif\u00edcio mais verde e mais leve. Compat\u00edvel com Certificados Leed.<\/p>\n","protected":false},"excerpt":{"rendered":"POR QUE A Luva DE ARMADURA? CUSTOM REBAR CALCULATE M\u00e9todos convencionais de conex\u00e3o de armaduras, como sobreposi\u00e7\u00e3o e soldagem, n\u00e3o [&hellip;]","protected":false},"author":1,"featured_media":0,"parent":0,"menu_order":5,"comment_status":"closed","ping_status":"closed","template":"","meta":{"footnotes":""},"class_list":["post-31","page","type-page","status-publish","hentry"],"aioseo_notices":[],"_links":{"self":[{"href":"https:\/\/regbar.com\/pt\/wp-json\/wp\/v2\/pages\/31","targetHints":{"allow":["GET"]}}],"collection":[{"href":"https:\/\/regbar.com\/pt\/wp-json\/wp\/v2\/pages"}],"about":[{"href":"https:\/\/regbar.com\/pt\/wp-json\/wp\/v2\/types\/page"}],"author":[{"embeddable":true,"href":"https:\/\/regbar.com\/pt\/wp-json\/wp\/v2\/users\/1"}],"replies":[{"embeddable":true,"href":"https:\/\/regbar.com\/pt\/wp-json\/wp\/v2\/comments?post=31"}],"version-history":[{"count":8,"href":"https:\/\/regbar.com\/pt\/wp-json\/wp\/v2\/pages\/31\/revisions"}],"predecessor-version":[{"id":1837,"href":"https:\/\/regbar.com\/pt\/wp-json\/wp\/v2\/pages\/31\/revisions\/1837"}],"wp:attachment":[{"href":"https:\/\/regbar.com\/pt\/wp-json\/wp\/v2\/media?parent=31"}],"curies":[{"name":"wp","href":"https:\/\/api.w.org\/{rel}","templated":true}]}}